{"id":689,"date":"2024-11-27T10:15:43","date_gmt":"2024-11-27T15:15:43","guid":{"rendered":"https:\/\/jamotech.ca\/about-us\/"},"modified":"2024-12-11T10:54:54","modified_gmt":"2024-12-11T15:54:54","slug":"about-us","status":"publish","type":"page","link":"https:\/\/jamotech.ca\/en\/about-us\/","title":{"rendered":"About us"},"content":{"rendered":"\t\t<div data-elementor-type=\"wp-page\" data-elementor-id=\"689\" class=\"elementor elementor-689 elementor-233\" data-elementor-post-type=\"page\">\n\t\t\t\t<div class=\"elementor-element elementor-element-7b5b461 e-flex e-con-boxed e-con e-parent\" data-id=\"7b5b461\" data-element_type=\"container\" data-e-type=\"container\">\n\t\t\t\t\t<div class=\"e-con-inner\">\n\t\t<div class=\"elementor-element elementor-element-d7eeac9 e-con-full e-flex elementor-invisible e-con e-child\" data-id=\"d7eeac9\" data-element_type=\"container\" data-e-type=\"container\" data-settings=\"{&quot;animation&quot;:&quot;fadeIn&quot;}\">\n\t\t\t\t<div class=\"elementor-element elementor-element-0a5ae80 elementor-widget elementor-widget-heading\" data-id=\"0a5ae80\" data-element_type=\"widget\" data-e-type=\"widget\" data-widget_type=\"heading.default\">\n\t\t\t\t<div class=\"elementor-widget-container\">\n\t\t\t\t\t<h1 class=\"elementor-heading-title elementor-size-default\">About Jamotech<\/h1>\t\t\t\t<\/div>\n\t\t\t\t<\/div>\n\t\t<div class=\"elementor-element elementor-element-1c0b362 e-con-full e-flex e-con e-child\" data-id=\"1c0b362\" data-element_type=\"container\" data-e-type=\"container\">\n\t\t\t\t<div class=\"elementor-element elementor-element-1c809ab elementor-widget elementor-widget-text-editor\" data-id=\"1c809ab\" data-element_type=\"widget\" data-e-type=\"widget\" data-widget_type=\"text-editor.default\">\n\t\t\t\t<div class=\"elementor-widget-container\">\n\t\t\t\t\t\t\t\t\t<p>Founded in 2007 by Mr. Paul Groleau, Jamotech specializes in the manufacture of folding wooden boxes designed to meet the needs of Quebec&#8217;s berry industry.<\/p>\n\t\t\t\t\t\t\t\t<\/div>\n\t\t\t\t<\/div>\n\t\t\t\t<div class=\"elementor-element elementor-element-4317d9f elementor-widget elementor-widget-text-editor\" data-id=\"4317d9f\" data-element_type=\"widget\" data-e-type=\"widget\" data-widget_type=\"text-editor.default\">\n\t\t\t\t<div class=\"elementor-widget-container\">\n\t\t\t\t\t\t\t\t\t<p>In a short space of time, demand for our products has grown rapidly thanks to the boom in cranberry production in the Centre-du-Qu\u00e9bec region. With our innovative boxes that adapt to harvest cycles, we&#8217;ve captured the attention of the region&#8217;s growers and processors. <\/p>\n<p>From its first wooden boxes, Jamotech has evolved to become a benchmark manufacturer, recognized for the sturdiness of its products and its genuine service. Today, we continue to put our expertise at the service of processors across North America, maintaining our unwavering commitment to the quality and customer service that are the foundations of our company. <\/p>\n\t\t\t\t\t\t\t\t<\/div>\n\t\t\t\t<\/div>\n\t\t\t\t<\/div>\n\t\t\t\t<div class=\"elementor-element elementor-element-b03ac77 elementor-mobile-align-justify elementor-hidden-tablet elementor-hidden-mobile elementor-widget elementor-widget-button\" data-id=\"b03ac77\" data-element_type=\"widget\" data-e-type=\"widget\" data-widget_type=\"button.default\">\n\t\t\t\t<div class=\"elementor-widget-container\">\n\t\t\t\t\t\t\t\t\t<div class=\"elementor-button-wrapper\">\n\t\t\t\t\t<a class=\"elementor-button elementor-button-link elementor-size-sm\" href=\"https:\/\/jamotech.ca\/en\/contact\/\">\n\t\t\t\t\t\t<span class=\"elementor-button-content-wrapper\">\n\t\t\t\t\t\t\t\t\t<span class=\"elementor-button-text\">Request a quotation<\/span>\n\t\t\t\t\t<\/span>\n\t\t\t\t\t<\/a>\n\t\t\t\t<\/div>\n\t\t\t\t\t\t\t\t<\/div>\n\t\t\t\t<\/div>\n\t\t\t\t<\/div>\n\t\t<div class=\"elementor-element elementor-element-858ecb0 e-con-full e-flex elementor-invisible e-con e-child\" data-id=\"858ecb0\" data-element_type=\"container\" data-e-type=\"container\" data-settings=\"{&quot;animation&quot;:&quot;fadeInRight&quot;}\">\n\t\t\t\t<div class=\"elementor-element elementor-element-8768cdc elementor-widget elementor-widget-image\" data-id=\"8768cdc\" data-element_type=\"widget\" data-e-type=\"widget\" data-widget_type=\"image.default\">\n\t\t\t\t<div class=\"elementor-widget-container\">\n\t\t\t\t\t\t\t\t\t\t\t\t\t\t\t<img fetchpriority=\"high\" decoding=\"async\" width=\"800\" height=\"534\" src=\"https:\/\/jamotech.ca\/wp-content\/uploads\/2024\/11\/iStock-183142143-1024x683.jpg\" class=\"attachment-large size-large wp-image-669\" alt=\"\" srcset=\"https:\/\/jamotech.ca\/wp-content\/uploads\/2024\/11\/iStock-183142143-1024x683.jpg 1024w, https:\/\/jamotech.ca\/wp-content\/uploads\/2024\/11\/iStock-183142143-300x200.jpg 300w, https:\/\/jamotech.ca\/wp-content\/uploads\/2024\/11\/iStock-183142143-768x512.jpg 768w, https:\/\/jamotech.ca\/wp-content\/uploads\/2024\/11\/iStock-183142143.jpg 1500w\" sizes=\"(max-width: 800px) 100vw, 800px\" \/>\t\t\t\t\t\t\t\t\t\t\t\t\t\t\t<\/div>\n\t\t\t\t<\/div>\n\t\t\t\t<div class=\"elementor-element elementor-element-f078d50 elementor-widget elementor-widget-text-editor\" data-id=\"f078d50\" data-element_type=\"widget\" data-e-type=\"widget\" data-widget_type=\"text-editor.default\">\n\t\t\t\t<div class=\"elementor-widget-container\">\n\t\t\t\t\t\t\t\t\t<p>In May 2024, the company Jamotech is undergoing a major turning point with the arrival of two young entrepreneurs, J\u00e9r\u00e9mie Faucher Labb\u00e9 and Michael Breton, at its helm. This change in leadership marks the beginning of a new era for the company, now combining the expertise of its new leaders with a dynamic and innovative vision. Driven by ambition and an entrepreneurial spirit, these two young talents are determined to evolve Jamotech while preserving the company&#8217;s legacy and values. This new leadership promises numerous growth and development opportunities, with a modern approach focused on the future.   <\/p>\n\t\t\t\t\t\t\t\t<\/div>\n\t\t\t\t<\/div>\n\t\t\t\t<div class=\"elementor-element elementor-element-eb268e9 elementor-mobile-align-justify elementor-hidden-widescreen elementor-hidden-desktop elementor-widget elementor-widget-button\" data-id=\"eb268e9\" data-element_type=\"widget\" data-e-type=\"widget\" data-widget_type=\"button.default\">\n\t\t\t\t<div class=\"elementor-widget-container\">\n\t\t\t\t\t\t\t\t\t<div class=\"elementor-button-wrapper\">\n\t\t\t\t\t<a class=\"elementor-button elementor-button-link elementor-size-sm\" href=\"https:\/\/jamotech.ca\/en\/contact\/\">\n\t\t\t\t\t\t<span class=\"elementor-button-content-wrapper\">\n\t\t\t\t\t\t\t\t\t<span class=\"elementor-button-text\">Request a quotation<\/span>\n\t\t\t\t\t<\/span>\n\t\t\t\t\t<\/a>\n\t\t\t\t<\/div>\n\t\t\t\t\t\t\t\t<\/div>\n\t\t\t\t<\/div>\n\t\t\t\t<\/div>\n\t\t\t\t\t<\/div>\n\t\t\t\t<\/div>\n\t\t<div class=\"elementor-element elementor-element-5835893 e-flex e-con-boxed e-con e-parent\" data-id=\"5835893\" data-element_type=\"container\" data-e-type=\"container\" data-settings=\"{&quot;background_background&quot;:&quot;gradient&quot;}\">\n\t\t\t\t\t<div class=\"e-con-inner\">\n\t\t<div class=\"elementor-element elementor-element-89f03dd e-con-full e-flex elementor-invisible e-con e-child\" data-id=\"89f03dd\" data-element_type=\"container\" data-e-type=\"container\" data-settings=\"{&quot;animation&quot;:&quot;fadeInUp&quot;}\">\n\t\t<div class=\"elementor-element elementor-element-b39ff97 e-con-full e-flex e-con e-child\" data-id=\"b39ff97\" data-element_type=\"container\" data-e-type=\"container\">\n\t\t\t\t<div class=\"elementor-element elementor-element-b63bfac elementor-widget elementor-widget-heading\" data-id=\"b63bfac\" data-element_type=\"widget\" data-e-type=\"widget\" data-widget_type=\"heading.default\">\n\t\t\t\t<div class=\"elementor-widget-container\">\n\t\t\t\t\t<h2 class=\"elementor-heading-title elementor-size-default\">Jamotech: sustainable wood storage and transport solutions tailored to&nbsp;your&nbsp;needs.<\/h2>\t\t\t\t<\/div>\n\t\t\t\t<\/div>\n\t\t\t\t<\/div>\n\t\t<div class=\"elementor-element elementor-element-3fe469f e-con-full e-flex e-con e-child\" data-id=\"3fe469f\" data-element_type=\"container\" data-e-type=\"container\">\n\t\t\t\t<div class=\"elementor-element elementor-element-7a62a88 elementor-widget elementor-widget-text-editor\" data-id=\"7a62a88\" data-element_type=\"widget\" data-e-type=\"widget\" data-widget_type=\"text-editor.default\">\n\t\t\t\t<div class=\"elementor-widget-container\">\n\t\t\t\t\t\t\t\t\t<p>At Jamotech, we offer berry growers and processors storage and transport solutions that combine practicality and reliability. Our foldable wooden boxes are specially designed to meet the highest demands of the cranberry industry. We are a trusted partner for high-performance, long-lasting solutions.  <\/p>\n\t\t\t\t\t\t\t\t<\/div>\n\t\t\t\t<\/div>\n\t\t\t\t<\/div>\n\t\t\t\t<\/div>\n\t\t<div class=\"elementor-element elementor-element-9792f23 e-con-full e-flex elementor-invisible e-con e-child\" data-id=\"9792f23\" data-element_type=\"container\" data-e-type=\"container\" data-settings=\"{&quot;animation&quot;:&quot;fadeIn&quot;}\">\n\t\t<div class=\"elementor-element elementor-element-0e2cd4d e-con-full e-flex e-con e-child\" data-id=\"0e2cd4d\" data-element_type=\"container\" data-e-type=\"container\" data-settings=\"{&quot;background_background&quot;:&quot;classic&quot;}\">\n\t\t\t\t<div class=\"elementor-element elementor-element-1139f71 elementor-widget elementor-widget-image\" data-id=\"1139f71\" data-element_type=\"widget\" data-e-type=\"widget\" data-widget_type=\"image.default\">\n\t\t\t\t<div class=\"elementor-widget-container\">\n\t\t\t\t\t\t\t\t\t\t\t\t\t\t\t<img decoding=\"async\" width=\"90\" height=\"90\" src=\"https:\/\/jamotech.ca\/wp-content\/uploads\/2024\/11\/Qualite_superieure.svg\" class=\"attachment-large size-large wp-image-610\" alt=\"\" \/>\t\t\t\t\t\t\t\t\t\t\t\t\t\t\t<\/div>\n\t\t\t\t<\/div>\n\t\t<div class=\"elementor-element elementor-element-f1fa63d e-con-full e-flex e-con e-child\" data-id=\"f1fa63d\" data-element_type=\"container\" data-e-type=\"container\">\n\t\t\t\t<div class=\"elementor-element elementor-element-e33a5e0 elementor-widget elementor-widget-text-editor\" data-id=\"e33a5e0\" data-element_type=\"widget\" data-e-type=\"widget\" data-widget_type=\"text-editor.default\">\n\t\t\t\t<div class=\"elementor-widget-container\">\n\t\t\t\t\t\t\t\t\t<p>High-quality manufacturing<\/p>\n\t\t\t\t\t\t\t\t<\/div>\n\t\t\t\t<\/div>\n\t\t\t\t<div class=\"elementor-element elementor-element-6801eaf elementor-widget elementor-widget-text-editor\" data-id=\"6801eaf\" data-element_type=\"widget\" data-e-type=\"widget\" data-widget_type=\"text-editor.default\">\n\t\t\t\t<div class=\"elementor-widget-container\">\n\t\t\t\t\t\t\t\t\t<p>The use of resistant materials in the manufacture of our folding boxes reduces the need for replacement and maintenance.<\/p>\n\t\t\t\t\t\t\t\t<\/div>\n\t\t\t\t<\/div>\n\t\t\t\t<\/div>\n\t\t\t\t<\/div>\n\t\t<div class=\"elementor-element elementor-element-5f4cb5a e-con-full e-flex e-con e-child\" data-id=\"5f4cb5a\" data-element_type=\"container\" data-e-type=\"container\" data-settings=\"{&quot;background_background&quot;:&quot;classic&quot;}\">\n\t\t\t\t<div class=\"elementor-element elementor-element-cd4e73f elementor-widget elementor-widget-image\" data-id=\"cd4e73f\" data-element_type=\"widget\" data-e-type=\"widget\" data-widget_type=\"image.default\">\n\t\t\t\t<div class=\"elementor-widget-container\">\n\t\t\t\t\t\t\t\t\t\t\t\t\t\t\t<img decoding=\"async\" width=\"90\" height=\"90\" src=\"https:\/\/jamotech.ca\/wp-content\/uploads\/2024\/11\/Processus_fabrication.svg\" class=\"attachment-large size-large wp-image-611\" alt=\"\" \/>\t\t\t\t\t\t\t\t\t\t\t\t\t\t\t<\/div>\n\t\t\t\t<\/div>\n\t\t<div class=\"elementor-element elementor-element-271b696 e-con-full e-flex e-con e-child\" data-id=\"271b696\" data-element_type=\"container\" data-e-type=\"container\">\n\t\t\t\t<div class=\"elementor-element elementor-element-84aa7cd elementor-widget elementor-widget-text-editor\" data-id=\"84aa7cd\" data-element_type=\"widget\" data-e-type=\"widget\" data-widget_type=\"text-editor.default\">\n\t\t\t\t<div class=\"elementor-widget-container\">\n\t\t\t\t\t\t\t\t\t<p>Efficient manufacturing process<\/p>\n\t\t\t\t\t\t\t\t<\/div>\n\t\t\t\t<\/div>\n\t\t\t\t<div class=\"elementor-element elementor-element-33dcad2 elementor-widget elementor-widget-text-editor\" data-id=\"33dcad2\" data-element_type=\"widget\" data-e-type=\"widget\" data-widget_type=\"text-editor.default\">\n\t\t\t\t<div class=\"elementor-widget-container\">\n\t\t\t\t\t\t\t\t\t<p>By optimizing and automating our techniques, we guarantee consistent, high-performance products tailored to industry needs.<\/p>\n\t\t\t\t\t\t\t\t<\/div>\n\t\t\t\t<\/div>\n\t\t\t\t<\/div>\n\t\t\t\t<\/div>\n\t\t<div class=\"elementor-element elementor-element-15ddb74 e-con-full e-flex e-con e-child\" data-id=\"15ddb74\" data-element_type=\"container\" data-e-type=\"container\" data-settings=\"{&quot;background_background&quot;:&quot;classic&quot;}\">\n\t\t\t\t<div class=\"elementor-element elementor-element-dd0a73f elementor-widget elementor-widget-image\" data-id=\"dd0a73f\" data-element_type=\"widget\" data-e-type=\"widget\" data-widget_type=\"image.default\">\n\t\t\t\t<div class=\"elementor-widget-container\">\n\t\t\t\t\t\t\t\t\t\t\t\t\t\t\t<img loading=\"lazy\" decoding=\"async\" width=\"90\" height=\"90\" src=\"https:\/\/jamotech.ca\/wp-content\/uploads\/2024\/11\/Relation_client.svg\" class=\"attachment-large size-large wp-image-612\" alt=\"\" \/>\t\t\t\t\t\t\t\t\t\t\t\t\t\t\t<\/div>\n\t\t\t\t<\/div>\n\t\t<div class=\"elementor-element elementor-element-f980d3e e-con-full e-flex e-con e-child\" data-id=\"f980d3e\" data-element_type=\"container\" data-e-type=\"container\">\n\t\t\t\t<div class=\"elementor-element elementor-element-4161d65 elementor-widget elementor-widget-text-editor\" data-id=\"4161d65\" data-element_type=\"widget\" data-e-type=\"widget\" data-widget_type=\"text-editor.default\">\n\t\t\t\t<div class=\"elementor-widget-container\">\n\t\t\t\t\t\t\t\t\t<p>Authentic, accessible customer relations<\/p>\n\t\t\t\t\t\t\t\t<\/div>\n\t\t\t\t<\/div>\n\t\t\t\t<div class=\"elementor-element elementor-element-efdd58a elementor-widget elementor-widget-text-editor\" data-id=\"efdd58a\" data-element_type=\"widget\" data-e-type=\"widget\" data-widget_type=\"text-editor.default\">\n\t\t\t\t<div class=\"elementor-widget-container\">\n\t\t\t\t\t\t\t\t\t<p>We believe in being close to our customers, and facilitate every step of the collaboration to make your operations easier.<\/p>\n\t\t\t\t\t\t\t\t<\/div>\n\t\t\t\t<\/div>\n\t\t\t\t<\/div>\n\t\t\t\t<\/div>\n\t\t\t\t<\/div>\n\t\t\t\t\t<\/div>\n\t\t\t\t<\/div>\n\t\t<div class=\"elementor-element elementor-element-bdf0c74 e-flex e-con-boxed e-con e-parent\" data-id=\"bdf0c74\" data-element_type=\"container\" data-e-type=\"container\" data-settings=\"{&quot;background_background&quot;:&quot;classic&quot;}\">\n\t\t\t\t\t<div class=\"e-con-inner\">\n\t\t<div class=\"elementor-element elementor-element-1058835 e-con-full e-flex elementor-invisible e-con e-child\" data-id=\"1058835\" data-element_type=\"container\" data-e-type=\"container\" data-settings=\"{&quot;animation&quot;:&quot;fadeInLeft&quot;}\">\n\t\t\t\t<div class=\"elementor-element elementor-element-27e48f0 elementor-widget elementor-widget-image\" data-id=\"27e48f0\" data-element_type=\"widget\" data-e-type=\"widget\" data-widget_type=\"image.default\">\n\t\t\t\t<div class=\"elementor-widget-container\">\n\t\t\t\t\t\t\t\t\t\t\t\t\t\t\t<img loading=\"lazy\" decoding=\"async\" width=\"800\" height=\"534\" src=\"https:\/\/jamotech.ca\/wp-content\/uploads\/2024\/11\/iStock-183233616-1024x683.jpg\" class=\"attachment-large size-large wp-image-671\" alt=\"\" srcset=\"https:\/\/jamotech.ca\/wp-content\/uploads\/2024\/11\/iStock-183233616-1024x683.jpg 1024w, https:\/\/jamotech.ca\/wp-content\/uploads\/2024\/11\/iStock-183233616-300x200.jpg 300w, https:\/\/jamotech.ca\/wp-content\/uploads\/2024\/11\/iStock-183233616-768x512.jpg 768w, https:\/\/jamotech.ca\/wp-content\/uploads\/2024\/11\/iStock-183233616.jpg 1500w\" sizes=\"(max-width: 800px) 100vw, 800px\" \/>\t\t\t\t\t\t\t\t\t\t\t\t\t\t\t<\/div>\n\t\t\t\t<\/div>\n\t\t\t\t<\/div>\n\t\t<div class=\"elementor-element elementor-element-a63e5fa e-con-full e-flex elementor-invisible e-con e-child\" data-id=\"a63e5fa\" data-element_type=\"container\" data-e-type=\"container\" data-settings=\"{&quot;animation&quot;:&quot;fadeIn&quot;}\">\n\t\t\t\t<div class=\"elementor-element elementor-element-08868ac elementor-widget elementor-widget-text-editor\" data-id=\"08868ac\" data-element_type=\"widget\" data-e-type=\"widget\" data-widget_type=\"text-editor.default\">\n\t\t\t\t<div class=\"elementor-widget-container\">\n\t\t\t\t\t\t\t\t\t<p>Doing business with us is easy!<\/p>\n\t\t\t\t\t\t\t\t<\/div>\n\t\t\t\t<\/div>\n\t\t\t\t<div class=\"elementor-element elementor-element-b2a61e3 elementor-widget elementor-widget-text-editor\" data-id=\"b2a61e3\" data-element_type=\"widget\" data-e-type=\"widget\" data-widget_type=\"text-editor.default\">\n\t\t\t\t<div class=\"elementor-widget-container\">\n\t\t\t\t\t\t\t\t\t<p>At Jamotech, simplicity and reliability are at the heart of our customer approach. We understand that your priority is to maintain an efficient supply chain, and our mission is to provide you with a service that&#8217;s as fluid as it is efficient. Whether it&#8217;s a technical question, advice or an order adjustment, our team is easy to reach. We respond quickly to your requests. Every interaction is designed to be efficient and transparent, so you can stay focused on your priorities. We understand that every customer has unique needs, and we adapt to your reality and deadlines. Whether it&#8217;s mass production or a special order, we&#8217;re flexible and adjust our solutions to deliver exactly what you need.      <\/p>\n\t\t\t\t\t\t\t\t<\/div>\n\t\t\t\t<\/div>\n\t\t\t\t<\/div>\n\t\t\t\t\t<\/div>\n\t\t\t\t<\/div>\n\t\t<div class=\"elementor-element elementor-element-d0b16dc e-flex e-con-boxed e-con e-parent\" data-id=\"d0b16dc\" data-element_type=\"container\" data-e-type=\"container\">\n\t\t\t\t\t<div class=\"e-con-inner\">\n\t\t\t\t<div class=\"elementor-element elementor-element-2e14b29 elementor-widget elementor-widget-image\" data-id=\"2e14b29\" data-element_type=\"widget\" data-e-type=\"widget\" data-widget_type=\"image.default\">\n\t\t\t\t<div class=\"elementor-widget-container\">\n\t\t\t\t\t\t\t\t\t\t\t\t\t\t\t<img loading=\"lazy\" decoding=\"async\" width=\"726\" height=\"377\" src=\"https:\/\/jamotech.ca\/wp-content\/uploads\/2024\/11\/Canneberges-2.png\" class=\"attachment-large size-large wp-image-601\" alt=\"\" srcset=\"https:\/\/jamotech.ca\/wp-content\/uploads\/2024\/11\/Canneberges-2.png 726w, https:\/\/jamotech.ca\/wp-content\/uploads\/2024\/11\/Canneberges-2-300x156.png 300w\" sizes=\"(max-width: 726px) 100vw, 726px\" \/>\t\t\t\t\t\t\t\t\t\t\t\t\t\t\t<\/div>\n\t\t\t\t<\/div>\n\t\t\t\t\t<\/div>\n\t\t\t\t<\/div>\n\t\t\t\t<\/div>\n\t\t","protected":false},"excerpt":{"rendered":"<p>About Jamotech Founded in 2007 by Mr. Paul Groleau, Jamotech specializes in the manufacture of folding wooden boxes designed to meet the needs of Quebec&#8217;s berry industry. In a short space of time, demand for our products has grown rapidly thanks to the boom in cranberry production in the Centre-du-Qu\u00e9bec region. With our innovative boxes [&hellip;]<\/p>\n","protected":false},"author":1,"featured_media":588,"parent":0,"menu_order":0,"comment_status":"closed","ping_status":"closed","template":"","meta":{"footnotes":""},"class_list":["post-689","page","type-page","status-publish","has-post-thumbnail","hentry"],"_links":{"self":[{"href":"https:\/\/jamotech.ca\/en\/wp-json\/wp\/v2\/pages\/689","targetHints":{"allow":["GET"]}}],"collection":[{"href":"https:\/\/jamotech.ca\/en\/wp-json\/wp\/v2\/pages"}],"about":[{"href":"https:\/\/jamotech.ca\/en\/wp-json\/wp\/v2\/types\/page"}],"author":[{"embeddable":true,"href":"https:\/\/jamotech.ca\/en\/wp-json\/wp\/v2\/users\/1"}],"replies":[{"embeddable":true,"href":"https:\/\/jamotech.ca\/en\/wp-json\/wp\/v2\/comments?post=689"}],"version-history":[{"count":3,"href":"https:\/\/jamotech.ca\/en\/wp-json\/wp\/v2\/pages\/689\/revisions"}],"predecessor-version":[{"id":1147,"href":"https:\/\/jamotech.ca\/en\/wp-json\/wp\/v2\/pages\/689\/revisions\/1147"}],"wp:featuredmedia":[{"embeddable":true,"href":"https:\/\/jamotech.ca\/en\/wp-json\/wp\/v2\/media\/588"}],"wp:attachment":[{"href":"https:\/\/jamotech.ca\/en\/wp-json\/wp\/v2\/media?parent=689"}],"curies":[{"name":"wp","href":"https:\/\/api.w.org\/{rel}","templated":true}]}}